{"id":3786,"date":"2020-05-26T14:26:50","date_gmt":"2020-05-26T14:26:50","guid":{"rendered":"https:\/\/puntacanatvrd.com\/web\/?page_id=3786"},"modified":"2026-03-13T14:15:50","modified_gmt":"2026-03-13T18:15:50","slug":"nosotros","status":"publish","type":"page","link":"https:\/\/puntacanatvrd.com\/web\/nosotros\/","title":{"rendered":"SOBRE NOSOTROS"},"content":{"rendered":"\t\t<div data-elementor-type=\"wp-page\" data-elementor-id=\"3786\" class=\"elementor elementor-3786\">\n\t\t\t\t\t\t<section class=\"elementor-section elementor-top-section elementor-element elementor-element-0edb9a3 elementor-section-full_width elementor-section-height-default elementor-section-height-default sc_fly_static\" data-id=\"0edb9a3\" data-element_type=\"section\" data-e-type=\"section\">\n\t\t\t\t\t\t<div class=\"elementor-container elementor-column-gap-extended\">\n\t\t\t\t\t<div class=\"elementor-column elementor-col-100 elementor-top-column elementor-element elementor-element-78945f7 sc_content_align_inherit sc_layouts_column_icons_position_left sc_fly_static\" data-id=\"78945f7\" data-element_type=\"column\" data-e-type=\"column\">\n\t\t\t<div class=\"elementor-widget-wrap elementor-element-populated\">\n\t\t\t\t\t\t<div class=\"elementor-element elementor-element-da0de35 sc_height_huge sc_fly_static elementor-widget elementor-widget-spacer\" data-id=\"da0de35\" data-element_type=\"widget\" data-e-type=\"widget\" data-widget_type=\"spacer.default\">\n\t\t\t\t<div class=\"elementor-widget-container\">\n\t\t\t\t\t\t\t<div class=\"elementor-spacer\">\n\t\t\t<div class=\"elementor-spacer-inner\"><\/div>\n\t\t<\/div>\n\t\t\t\t\t\t<\/div>\n\t\t\t\t<\/div>\n\t\t\t\t\t<\/div>\n\t\t<\/div>\n\t\t\t\t\t<\/div>\n\t\t<\/section>\n\t\t\t\t<section class=\"elementor-section elementor-top-section elementor-element elementor-element-bc2729b elementor-section-content-middle elementor-section-boxed elementor-section-height-default elementor-section-height-default sc_fly_static\" data-id=\"bc2729b\" data-element_type=\"section\" data-e-type=\"section\" data-settings=\"{&quot;background_background&quot;:&quot;classic&quot;}\">\n\t\t\t\t\t\t<div class=\"elementor-container elementor-column-gap-extended\">\n\t\t\t\t\t<div class=\"elementor-column elementor-col-50 elementor-top-column elementor-element elementor-element-716bcf5 sc_content_align_inherit sc_layouts_column_icons_position_left sc_fly_static\" data-id=\"716bcf5\" data-element_type=\"column\" data-e-type=\"column\">\n\t\t\t<div class=\"elementor-widget-wrap elementor-element-populated\">\n\t\t\t\t\t\t<section class=\"elementor-section elementor-inner-section elementor-element elementor-element-146abbb elementor-section-boxed elementor-section-height-default elementor-section-height-default sc_fly_static\" data-id=\"146abbb\" data-element_type=\"section\" data-e-type=\"section\">\n\t\t\t\t\t\t<div class=\"elementor-container elementor-column-gap-no\">\n\t\t\t\t\t<div class=\"elementor-column elementor-col-100 elementor-inner-column elementor-element elementor-element-9d6b6a9 sc_content_align_inherit sc_layouts_column_icons_position_left sc_fly_static\" data-id=\"9d6b6a9\" data-element_type=\"column\" data-e-type=\"column\">\n\t\t\t<div class=\"elementor-widget-wrap elementor-element-populated\">\n\t\t\t\t\t\t<div class=\"elementor-element elementor-element-e6645ef no-title sc_fly_static elementor-widget elementor-widget-image\" data-id=\"e6645ef\" data-element_type=\"widget\" data-e-type=\"widget\" data-widget_type=\"image.default\">\n\t\t\t\t<div class=\"elementor-widget-container\">\n\t\t\t\t\t\t\t\t\t\t\t\t\t\t\t<img fetchpriority=\"high\" decoding=\"async\" width=\"2500\" height=\"1667\" src=\"https:\/\/puntacanatvrd.com\/web\/wp-content\/uploads\/2026\/03\/tablet-pctvrd.jpg\" class=\"attachment-full size-full wp-image-35057\" alt=\"\" srcset=\"https:\/\/puntacanatvrd.com\/web\/wp-content\/uploads\/2026\/03\/tablet-pctvrd.jpg 2500w, https:\/\/puntacanatvrd.com\/web\/wp-content\/uploads\/2026\/03\/tablet-pctvrd-300x200.jpg 300w, https:\/\/puntacanatvrd.com\/web\/wp-content\/uploads\/2026\/03\/tablet-pctvrd-1024x683.jpg 1024w, https:\/\/puntacanatvrd.com\/web\/wp-content\/uploads\/2026\/03\/tablet-pctvrd-768x512.jpg 768w, https:\/\/puntacanatvrd.com\/web\/wp-content\/uploads\/2026\/03\/tablet-pctvrd-1536x1024.jpg 1536w, https:\/\/puntacanatvrd.com\/web\/wp-content\/uploads\/2026\/03\/tablet-pctvrd-2048x1366.jpg 2048w, https:\/\/puntacanatvrd.com\/web\/wp-content\/uploads\/2026\/03\/tablet-pctvrd-370x247.jpg 370w, https:\/\/puntacanatvrd.com\/web\/wp-content\/uploads\/2026\/03\/tablet-pctvrd-840x560.jpg 840w, https:\/\/puntacanatvrd.com\/web\/wp-content\/uploads\/2026\/03\/tablet-pctvrd-410x273.jpg 410w, https:\/\/puntacanatvrd.com\/web\/wp-content\/uploads\/2026\/03\/tablet-pctvrd-600x400.jpg 600w\" sizes=\"(max-width: 2500px) 100vw, 2500px\" \/>\t\t\t\t\t\t\t\t\t\t\t\t\t\t\t<\/div>\n\t\t\t\t<\/div>\n\t\t\t\t\t<\/div>\n\t\t<\/div>\n\t\t\t\t\t<\/div>\n\t\t<\/section>\n\t\t\t\t\t<\/div>\n\t\t<\/div>\n\t\t\t\t<div class=\"elementor-column elementor-col-50 elementor-top-column elementor-element elementor-element-b77ab19 sc_content_align_inherit sc_layouts_column_icons_position_left sc_fly_static\" data-id=\"b77ab19\" data-element_type=\"column\" data-e-type=\"column\">\n\t\t\t<div class=\"elementor-widget-wrap elementor-element-populated\">\n\t\t\t\t\t\t<div class=\"elementor-element elementor-element-cb75113 sc_fly_static elementor-widget elementor-widget-trx_sc_title\" data-id=\"cb75113\" data-element_type=\"widget\" data-e-type=\"widget\" data-widget_type=\"trx_sc_title.default\">\n\t\t\t\t<div class=\"elementor-widget-container\">\n\t\t\t\t\t<div\t\tclass=\"sc_title sc_title_default\" ><h1 class=\"sc_item_title sc_title_title sc_item_title_style_default sc_item_title_tag\"\n\t\t\t><span class=\"sc_item_title_text\">PUNTA CANA TV - DIFERENTE<\/span><\/h1><div class=\"sc_item_descr sc_title_descr\"><p>\u00a1Un canal refrescante, creado para ti!<\/p>\n<p>Inf\u00f3rmate de todo lo que pasa en la zona tur\u00edstica m\u00e1s relevante del pa\u00eds y disfruta de una programaci\u00f3n variada para toda la familia.<\/p>\n<p>Noticias \u2022 Actualidad \u2022 Eventos \u2022 Reportajes \u2022 Gastronom\u00eda \u2022 Deportes<\/p>\n<p>Toda la magia y el encanto de Punta Cana para que lo disfrutes desde donde quiera que est\u00e9s, \u00a1a un solo clic!<\/p>\n<\/div><\/div>\t\t\t\t<\/div>\n\t\t\t\t<\/div>\n\t\t\t\t<div class=\"elementor-element elementor-element-b1f2483 sc_fly_static elementor-widget elementor-widget-spacer\" data-id=\"b1f2483\" data-element_type=\"widget\" data-e-type=\"widget\" data-widget_type=\"spacer.default\">\n\t\t\t\t<div class=\"elementor-widget-container\">\n\t\t\t\t\t\t\t<div class=\"elementor-spacer\">\n\t\t\t<div class=\"elementor-spacer-inner\"><\/div>\n\t\t<\/div>\n\t\t\t\t\t\t<\/div>\n\t\t\t\t<\/div>\n\t\t\t\t\t<\/div>\n\t\t<\/div>\n\t\t\t\t\t<\/div>\n\t\t<\/section>\n\t\t\t\t<\/div>\n\t\t","protected":false},"excerpt":{"rendered":"<p>PUNTA CANA TV &#8211; DIFERENTE \u00a1Un canal refrescante, creado para ti! Inf\u00f3rmate de todo lo que pasa en la zona tur\u00edstica m\u00e1s relevante del pa\u00eds y disfruta de una programaci\u00f3n&hellip;<\/p>\n","protected":false},"author":1,"featured_media":0,"parent":0,"menu_order":0,"comment_status":"closed","ping_status":"closed","template":"","meta":{"footnotes":""},"class_list":["post-3786","page","type-page","status-publish","hentry"],"_links":{"self":[{"href":"https:\/\/puntacanatvrd.com\/web\/wp-json\/wp\/v2\/pages\/3786","targetHints":{"allow":["GET"]}}],"collection":[{"href":"https:\/\/puntacanatvrd.com\/web\/wp-json\/wp\/v2\/pages"}],"about":[{"href":"https:\/\/puntacanatvrd.com\/web\/wp-json\/wp\/v2\/types\/page"}],"author":[{"embeddable":true,"href":"https:\/\/puntacanatvrd.com\/web\/wp-json\/wp\/v2\/users\/1"}],"replies":[{"embeddable":true,"href":"https:\/\/puntacanatvrd.com\/web\/wp-json\/wp\/v2\/comments?post=3786"}],"version-history":[{"count":13,"href":"https:\/\/puntacanatvrd.com\/web\/wp-json\/wp\/v2\/pages\/3786\/revisions"}],"predecessor-version":[{"id":35060,"href":"https:\/\/puntacanatvrd.com\/web\/wp-json\/wp\/v2\/pages\/3786\/revisions\/35060"}],"wp:attachment":[{"href":"https:\/\/puntacanatvrd.com\/web\/wp-json\/wp\/v2\/media?parent=3786"}],"curies":[{"name":"wp","href":"https:\/\/api.w.org\/{rel}","templated":true}]}}